{"id":135,"date":"2015-08-09T03:56:04","date_gmt":"2015-08-09T03:56:04","guid":{"rendered":"http:\/\/themes.wplook.com\/charity\/?page_id=135"},"modified":"2025-12-09T16:40:14","modified_gmt":"2025-12-09T14:40:14","slug":"about-us","status":"publish","type":"page","link":"https:\/\/bfond.com.ua\/de\/about-us\/","title":{"rendered":"Ueber uns"},"content":{"rendered":"<p style=\"margin-top: 10px;\">Die Wohlt\u00e4tigkeitsstiftung \u201cModerne Stadt und Dorf\u201d ist eine unabh\u00e4ngige, nicht-staatliche, \u00fcberparteiliche gemeinn\u00fctzige Organisation.<\/p>\n<p>Die Mission der Wohlt\u00e4tigkeitsstiftung ist die F\u00f6rderung von sozialen und wirtschaftlichen Entwicklungsprogrammen sowie die Hilfe aller Art f\u00fcr Menschen in Not.<\/p>\n<p>Dar\u00fcber hinaus zielt die Wohlt\u00e4tigkeitsstiftung \u201cModerne Stadt und Dorf\u201d auf die Schaffung von Projekten zur Verbesserung der Lebensqualit\u00e4t, unabh\u00e4ngig davon, ob Sie in urbanen- oder l\u00e4ndlichen Regionen leben.<\/p>\n<p>Wir k\u00fcmmern uns um das Schicksal eines jeden, der uns um Hilfe bittet und zudem wollen wir nicht nur den Lebensstandard der einzelnen B\u00fcrger, sondern f\u00fcr die ganze Gemeinde verbessern. Die Arbeitsbereiche der Wohlt\u00e4tigkeitsstiftung \u201cModerne Stadt und Dorf\u201d vereinen die Programme und Projekte f\u00fcr eine Verbesserung des Netzwerkes der medizinischen- und der Rehabilitationseinrichtungen, Bildungseinrichtungen, f\u00fcr die Verbesserung von Hilfsleistungen f\u00fcr Menschen mit Behinderungen. Einige Projekte sind auf die Unterst\u00fctzung des sozialen Dialogs \u00fcber Umwelt, Entwicklung von K\u00f6rperkultur und Sport, Unterst\u00fctzung von talentierten Jugendlichen und der Verbesserung der Lebensbedingungen der Bev\u00f6lkerung ausgerichtet.<\/p>\n<p>Bei der Gr\u00fcndung dieser Stiftung war es uns wichtig, die gesamte Breite der Bev\u00f6lkerung anzusprechen. Deshalb helfen wir Kindern ihre Krankheit zu besiegen, arbeiten an Projekten zur Verbesserung der Arbeitsbedingungen und Dienstleistungen eines Stadtteils oder einer gesamten Stadt.<\/p>\n<p>Das Wichtigste f\u00fcr uns ist es zu helfen!<\/p>\n<p>Wir sind allen dankbar, die mit uns zusammenarbeiten und uns unterst\u00fctzen.<\/p>\n<p>Wir laden alle herzlich ein, die die Ziele und Grunds\u00e4tze der Wohlt\u00e4tigkeitsstiftung \u201cModerne Stadt und Dorf\u201d teilen. Zusammen werden wir helfen!<\/p>\n<p>Arbeitsbereiche unseres Teams:<\/p>\n<ol>\n<li>Hilfe f\u00fcr den kranke Menschen<\/li>\n<li>Gesundheitsschutz, Unterst\u00fctzung f\u00fcr medizinische Einrichtungen.<\/li>\n<li>Ausbildung. Verbesserung f\u00fcr Ausbildungsbedingungen, F\u00f6rderung talentierter Jugendliche.<\/li>\n<li>Sport. Entwicklung und Begleitung der K\u00f6rperkultur.<\/li>\n<li>Soziale Programme<\/li>\n<\/ol>\n<p>Wohlt\u00e4tigkeitsstiftung \u201cModerne Stadt und Dorf\u201d arbeitet kostenlos und erh\u00e4lt keine finanzielle Provision.<\/p>\n<p>2017 nahm unsere gemeinn\u00fctzige Stiftung &#8220;Zeitgen\u00f6ssisches Dorf und Stadt&#8221; an den j\u00e4hrlichen nationalen Leistungsbeurteilungen teil und wurde f\u00fchrend in 2 Nominierungen &#8211; &#8220;Kosten f\u00fcr humanit\u00e4re Hilfe&#8221; und &#8220;Geb\u00fchren f\u00fcr gemeinn\u00fctzige Aktivit\u00e4ten im Jahr 2016 im Vergleich zu 2015&#8221; !!!!!<\/p>\n<p><img loading=\"lazy\" decoding=\"async\" class=\"alignnone size-medium wp-image-1423\" src=\"\/wp-content\/uploads\/2017\/10\/certif-300x225.jpg\" alt=\"certif\" width=\"300\" height=\"225\" srcset=\"https:\/\/cdn.bfond.com.ua\/wp-content\/uploads\/2017\/10\/19144621\/certif-300x225.jpg 300w, https:\/\/cdn.bfond.com.ua\/wp-content\/uploads\/2017\/10\/19144621\/certif-768x576.jpg 768w, https:\/\/cdn.bfond.com.ua\/wp-content\/uploads\/2017\/10\/19144621\/certif-400x300.jpg 400w, https:\/\/cdn.bfond.com.ua\/wp-content\/uploads\/2017\/10\/19144621\/certif.jpg 960w\" sizes=\"auto, (max-width: 300px) 100vw, 300px\" \/> <img loading=\"lazy\" decoding=\"async\" class=\"alignnone size-medium wp-image-1424\" src=\"\/wp-content\/uploads\/2017\/10\/letter-300x225.jpg\" alt=\"letter\" width=\"300\" height=\"225\" srcset=\"https:\/\/cdn.bfond.com.ua\/wp-content\/uploads\/2017\/10\/19144624\/letter-300x225.jpg 300w, https:\/\/cdn.bfond.com.ua\/wp-content\/uploads\/2017\/10\/19144624\/letter-768x576.jpg 768w, https:\/\/cdn.bfond.com.ua\/wp-content\/uploads\/2017\/10\/19144624\/letter-400x300.jpg 400w, https:\/\/cdn.bfond.com.ua\/wp-content\/uploads\/2017\/10\/19144624\/letter.jpg 960w\" sizes=\"auto, (max-width: 300px) 100vw, 300px\" \/><\/p>\n<p>Wir m\u00f6chten allen danken, die uns helfen, zu arbeiten und Gutes zu bringen und Menschen zu helfen! Das ist deine Belohnung! Danke an alle, die uns helfen !!!<\/p>\n","protected":false},"excerpt":{"rendered":"<p>Die Wohlt\u00e4tigkeitsstiftung \u201cModerne Stadt und Dorf\u201d ist eine unabh\u00e4ngige, nicht-staatliche, \u00fcberparteiliche gemeinn\u00fctzige Organisation. Die Mission der Wohlt\u00e4tigkeitsstiftung ist die F\u00f6rderung von sozialen und wirtschaftlichen Entwicklungsprogrammen sowie die Hilfe aller Art f\u00fcr Menschen in Not. Dar\u00fcber hinaus zielt die Wohlt\u00e4tigkeitsstiftung \u201cModerne Stadt und Dorf\u201d auf die Schaffung von Projekten zur Verbesserung der Lebensqualit\u00e4t, unabh\u00e4ngig davon, ob<\/p>\n<div class=\"post-actions\"><a class=\"button small\" href=\"https:\/\/bfond.com.ua\/de\/about-us\/\">Read More<\/a><\/div>\n","protected":false},"author":1,"featured_media":3683,"parent":0,"menu_order":0,"comment_status":"open","ping_status":"open","template":"","meta":{"footnotes":""},"class_list":["post-135","page","type-page","status-publish","has-post-thumbnail","hentry"],"translation":{"provider":"WPGlobus","version":"2.8.2","language":"de","enabled_languages":["uk","ru","en","de","es"],"languages":{"uk":{"title":true,"content":true,"excerpt":false},"ru":{"title":true,"content":true,"excerpt":false},"en":{"title":true,"content":true,"excerpt":false},"de":{"title":true,"content":true,"excerpt":false},"es":{"title":true,"content":true,"excerpt":false}}},"_links":{"self":[{"href":"https:\/\/bfond.com.ua\/de\/wp-json\/wp\/v2\/pages\/135","targetHints":{"allow":["GET"]}}],"collection":[{"href":"https:\/\/bfond.com.ua\/de\/wp-json\/wp\/v2\/pages"}],"about":[{"href":"https:\/\/bfond.com.ua\/de\/wp-json\/wp\/v2\/types\/page"}],"author":[{"embeddable":true,"href":"https:\/\/bfond.com.ua\/de\/wp-json\/wp\/v2\/users\/1"}],"replies":[{"embeddable":true,"href":"https:\/\/bfond.com.ua\/de\/wp-json\/wp\/v2\/comments?post=135"}],"version-history":[{"count":6,"href":"https:\/\/bfond.com.ua\/de\/wp-json\/wp\/v2\/pages\/135\/revisions"}],"predecessor-version":[{"id":3703,"href":"https:\/\/bfond.com.ua\/de\/wp-json\/wp\/v2\/pages\/135\/revisions\/3703"}],"wp:featuredmedia":[{"embeddable":true,"href":"https:\/\/bfond.com.ua\/de\/wp-json\/wp\/v2\/media\/3683"}],"wp:attachment":[{"href":"https:\/\/bfond.com.ua\/de\/wp-json\/wp\/v2\/media?parent=135"}],"curies":[{"name":"wp","href":"https:\/\/api.w.org\/{rel}","templated":true}]}}