{"id":135,"date":"2015-08-09T03:56:04","date_gmt":"2015-08-09T03:56:04","guid":{"rendered":"http:\/\/themes.wplook.com\/charity\/?page_id=135"},"modified":"2025-12-09T16:40:14","modified_gmt":"2025-12-09T14:40:14","slug":"about-us","status":"publish","type":"page","link":"https:\/\/bfond.com.ua\/es\/about-us\/","title":{"rendered":"Sobre nosotros"},"content":{"rendered":"<p style=\"margin-top: 10px;\">Fundaci\u00f3n ben\u00e9fica \u201cFundaci\u00f3n ben\u00e9fica \u201cPueblo y ciudad modernos\u201d &#8211;\u00a0 es una organizaci\u00f3n ben\u00e9fica independiente, no gubernamental,\u00a0 sin fines de lucro, apol\u00edtica. La mission de la Fundaci\u00f3n es la promoci\u00f3n de programas de desarrollo social y econ\u00f3mico, proporcionar asistencia caritativa a los que la necesitan.<\/p>\n<p>Fundaci\u00f3n ben\u00e9fica \u201cPueblo y ciudad modernos\u201d tiene como objetivo poner en pr\u00e1ctica proyectos destinados a mejorar la calidad de vida, independientemente de donde vivan &#8211; ciudad grande, ciudades medias, poblados o aldeas.<\/p>\n<p>Nos preocupamos por el destino de todos los que se dirigen a nosotros en busca de ayuda, queremos mejorar el nivel de vida no s\u00f3lo a los ciudadanos, sino tambi\u00e9n a la localidad entera.<\/p>\n<p>\u00c1reas en las que trabaja nuestra Fundaci\u00f3n\u00a0 re\u00fane los programas y proyectos destinados a mejorar la red de instituciones m\u00e9dicas y de rehabilitaci\u00f3n, instituciones educativas, ayudar a las personas con discapacidad. Algunos proyectos est\u00e1n dirigidos al apoyo del di\u00e1logo social sobre el medio ambiente, el desarrollo de la cultura f\u00edsica y el deporte, el apoyo de los j\u00f3venes con talento, mejoramiento de las condiciones de vida de la gente.<\/p>\n<p>Creando nuestra fundaci\u00f3n hemos intentado hacerla m\u00e1s \u00fatil para diferentes grupos de gente. Por eso trabajamos igaul al ayudar superar la enfermedad a la persona que se dirige a nosotros y al realizar un\u00a0 proyecto para mejorar las condiciones de trabajo y la prestaci\u00f3n de servicios de un municipio o una ciudad.<\/p>\n<p>Lo m\u00e1s importante para nosotros es ayudar.<\/p>\n<p>Estamos agradecidos a todos que trabajan junto con nosotros y nos apoya. Invitamos a todos quien comparte nuestros objetivos y principios de trabajo de Fundaci\u00f3n ben\u00e9fica \u201cPueblo y ciudad modernos\u201d<\/p>\n<p>Juntos podemos ayudar<\/p>\n<p>\u00c1reas en las que trabaja el equipo de Fundaci\u00f3n ben\u00e9fica \u201cPueblo y ciudad modernos\u201d:<\/p>\n<ol>\n<li>Ayuda a los enfermos<\/li>\n<li>Ayuda a los centros m\u00e9dicos<\/li>\n<li>Educaci\u00f3n. Desarollo de las condicones de la educaci\u00f3n, el apoyo a los j\u00f3venes con talento.<\/li>\n<li>Deporte. Elaboraci\u00f3n y apoyo de la cultura f\u00edsica.<\/li>\n<li>Programas sociales.<\/li>\n<\/ol>\n<p>Fundaci\u00f3n ben\u00e9fica \u201cPueblo y ciudad modernos\u201d funciona de forma gratuita, sin recibir ninguna compensaci\u00f3n econ\u00f3mica.<\/p>\n<p>En 2017, nuestra Fundaci\u00f3n ben\u00e9fica \u201cPueblo y ciudad modernos\u201d particip\u00f3 en las Calificaciones nacionales anuales de Fundaci\u00f3nes ben\u00e9ficas y se convirti\u00f3 en l\u00edder en 2 nominaciones: &#8220;Costos de ayuda humanitaria&#8221; y &#8220;Costos por actividades ben\u00e9ficas en 2016 en relaci\u00f3n con 2015&#8221; !!!!!<\/p>\n<p><img loading=\"lazy\" decoding=\"async\" class=\"alignnone size-medium wp-image-1423\" src=\"\/wp-content\/uploads\/2017\/10\/certif-300x225.jpg\" alt=\"certif\" width=\"300\" height=\"225\" srcset=\"https:\/\/cdn.bfond.com.ua\/wp-content\/uploads\/2017\/10\/19144621\/certif-300x225.jpg 300w, https:\/\/cdn.bfond.com.ua\/wp-content\/uploads\/2017\/10\/19144621\/certif-768x576.jpg 768w, https:\/\/cdn.bfond.com.ua\/wp-content\/uploads\/2017\/10\/19144621\/certif-400x300.jpg 400w, https:\/\/cdn.bfond.com.ua\/wp-content\/uploads\/2017\/10\/19144621\/certif.jpg 960w\" sizes=\"auto, (max-width: 300px) 100vw, 300px\" \/> <img loading=\"lazy\" decoding=\"async\" class=\"alignnone size-medium wp-image-1424\" src=\"\/wp-content\/uploads\/2017\/10\/letter-300x225.jpg\" alt=\"letter\" width=\"300\" height=\"225\" srcset=\"https:\/\/cdn.bfond.com.ua\/wp-content\/uploads\/2017\/10\/19144624\/letter-300x225.jpg 300w, https:\/\/cdn.bfond.com.ua\/wp-content\/uploads\/2017\/10\/19144624\/letter-768x576.jpg 768w, https:\/\/cdn.bfond.com.ua\/wp-content\/uploads\/2017\/10\/19144624\/letter-400x300.jpg 400w, https:\/\/cdn.bfond.com.ua\/wp-content\/uploads\/2017\/10\/19144624\/letter.jpg 960w\" sizes=\"auto, (max-width: 300px) 100vw, 300px\" \/><\/p>\n<p>\u00a1Queremos agradecer a todos los que nos ayudan a trabajar, traer bien y ayudar a las personas! \u00a1Esta es tu recompensa! \u00a1Gracias a todos los que nos ayudaron!<\/p>\n","protected":false},"excerpt":{"rendered":"<p>Fundaci\u00f3n ben\u00e9fica \u201cFundaci\u00f3n ben\u00e9fica \u201cPueblo y ciudad modernos\u201d &#8211;\u00a0 es una organizaci\u00f3n ben\u00e9fica independiente, no gubernamental,\u00a0 sin fines de lucro, apol\u00edtica. La mission de la Fundaci\u00f3n es la promoci\u00f3n de programas de desarrollo social y econ\u00f3mico, proporcionar asistencia caritativa a los que la necesitan. Fundaci\u00f3n ben\u00e9fica \u201cPueblo y ciudad modernos\u201d tiene como objetivo poner en<\/p>\n<div class=\"post-actions\"><a class=\"button small\" href=\"https:\/\/bfond.com.ua\/es\/about-us\/\">Read More<\/a><\/div>\n","protected":false},"author":1,"featured_media":3683,"parent":0,"menu_order":0,"comment_status":"open","ping_status":"open","template":"","meta":{"footnotes":""},"class_list":["post-135","page","type-page","status-publish","has-post-thumbnail","hentry"],"translation":{"provider":"WPGlobus","version":"2.8.2","language":"es","enabled_languages":["uk","ru","en","de","es"],"languages":{"uk":{"title":true,"content":true,"excerpt":false},"ru":{"title":true,"content":true,"excerpt":false},"en":{"title":true,"content":true,"excerpt":false},"de":{"title":true,"content":true,"excerpt":false},"es":{"title":true,"content":true,"excerpt":false}}},"_links":{"self":[{"href":"https:\/\/bfond.com.ua\/es\/wp-json\/wp\/v2\/pages\/135","targetHints":{"allow":["GET"]}}],"collection":[{"href":"https:\/\/bfond.com.ua\/es\/wp-json\/wp\/v2\/pages"}],"about":[{"href":"https:\/\/bfond.com.ua\/es\/wp-json\/wp\/v2\/types\/page"}],"author":[{"embeddable":true,"href":"https:\/\/bfond.com.ua\/es\/wp-json\/wp\/v2\/users\/1"}],"replies":[{"embeddable":true,"href":"https:\/\/bfond.com.ua\/es\/wp-json\/wp\/v2\/comments?post=135"}],"version-history":[{"count":6,"href":"https:\/\/bfond.com.ua\/es\/wp-json\/wp\/v2\/pages\/135\/revisions"}],"predecessor-version":[{"id":3703,"href":"https:\/\/bfond.com.ua\/es\/wp-json\/wp\/v2\/pages\/135\/revisions\/3703"}],"wp:featuredmedia":[{"embeddable":true,"href":"https:\/\/bfond.com.ua\/es\/wp-json\/wp\/v2\/media\/3683"}],"wp:attachment":[{"href":"https:\/\/bfond.com.ua\/es\/wp-json\/wp\/v2\/media?parent=135"}],"curies":[{"name":"wp","href":"https:\/\/api.w.org\/{rel}","templated":true}]}}